{"id":10,"date":"2017-10-13T19:27:53","date_gmt":"2017-10-13T19:27:53","guid":{"rendered":"http:\/\/wikipatrimoine.parisnanterre.fr\/?page_id=10"},"modified":"2017-11-28T10:53:27","modified_gmt":"2017-11-28T10:53:27","slug":"equipe","status":"publish","type":"page","link":"http:\/\/wikipatrimoine.parisnanterre.fr\/?page_id=10","title":{"rendered":"Equipe"},"content":{"rendered":"<p><em>Responsable du projet<\/em><br \/>\nSevero Marta (EA Dicen-idf\/ Dep.Info-com)<\/p>\n<p><em>Ing\u00e9nieur de recherche<\/em><br \/>\nFernando Filipponi (labex)<\/p>\n<p><em>Conseil scientifique du projet<\/em><br \/>\n&#8211; S\u00e9v\u00e9rine Cachat, Maison des Cultures du Monde<br \/>\n&#8211; Isabelle Chave, Minist\u00e8re de la Culture<br \/>\n&#8211; Philippe Erikson, LESC<br \/>\n&#8211; Bertrand Lafont,\u00a0 ArScAn<br \/>\n&#8211; Val\u00e9rie Tesni\u00e8re, Directrice, BDIC<\/p>\n<p><em>Autres participants<\/em><br \/>\n&#8211; Lionel Barbe (EA Dicen-idf\/ Dep.Info-com )<br \/>\n&#8211; C\u00e9cile Payeur\u00a0(EA Dicen-idf\/ Dep.Info-com )<br \/>\n&#8211; Claire Scopsi (EA Dicen-idf)<br \/>\n&#8211; Fr\u00e9d\u00e9rique\u00a0Baron (BDIC)<br \/>\n&#8211; Amadine Rochas (BDIC)<br \/>\n&#8211; Vincent Hirtzel (LESC)<br \/>\n&#8211; Fabienne\u00a0Wateau (LESC)<br \/>\n&#8211; Damien\u00a0Agut (ArScAn)<br \/>\n&#8211; M\u00e9lanie\u00a0Larch\u00e9 (In-Oc Ethnopole Aquitaine)<br \/>\n&#8211; Vincent Puig (IRI)<br \/>\n&#8211; Marion\u00a0Gentilhomme (CIST)<\/p>\n","protected":false},"excerpt":{"rendered":"<p>Responsable du projet Severo Marta (EA Dicen-idf\/ Dep.Info-com) Ing\u00e9nieur de recherche Fernando Filipponi (labex) Conseil scientifique du projet &#8211; S\u00e9v\u00e9rine Cachat, Maison des Cultures du Monde &#8211; Isabelle Chave, Minist\u00e8re de la Culture &#8211; Philippe Erikson, LESC &#8211; Bertrand Lafont,\u00a0 ArScAn &#8211; Val\u00e9rie Tesni\u00e8re, Directrice, BDIC Autres participants &#8211; Lionel Barbe (EA Dicen-idf\/ Dep.Info-com ) &hellip; <\/p>\n<p class=\"link-more\"><a href=\"http:\/\/wikipatrimoine.parisnanterre.fr\/?page_id=10\" class=\"more-link\">Continuer la lecture<span class=\"screen-reader-text\"> de &laquo;&nbsp;Equipe&nbsp;&raquo;<\/span><\/a><\/p>\n","protected":false},"author":1,"featured_media":0,"parent":0,"menu_order":0,"comment_status":"closed","ping_status":"closed","template":"","meta":[],"_links":{"self":[{"href":"http:\/\/wikipatrimoine.parisnanterre.fr\/index.php?rest_route=\/wp\/v2\/pages\/10"}],"collection":[{"href":"http:\/\/wikipatrimoine.parisnanterre.fr\/index.php?rest_route=\/wp\/v2\/pages"}],"about":[{"href":"http:\/\/wikipatrimoine.parisnanterre.fr\/index.php?rest_route=\/wp\/v2\/types\/page"}],"author":[{"embeddable":true,"href":"http:\/\/wikipatrimoine.parisnanterre.fr\/index.php?rest_route=\/wp\/v2\/users\/1"}],"replies":[{"embeddable":true,"href":"http:\/\/wikipatrimoine.parisnanterre.fr\/index.php?rest_route=%2Fwp%2Fv2%2Fcomments&post=10"}],"version-history":[{"count":7,"href":"http:\/\/wikipatrimoine.parisnanterre.fr\/index.php?rest_route=\/wp\/v2\/pages\/10\/revisions"}],"predecessor-version":[{"id":140,"href":"http:\/\/wikipatrimoine.parisnanterre.fr\/index.php?rest_route=\/wp\/v2\/pages\/10\/revisions\/140"}],"wp:attachment":[{"href":"http:\/\/wikipatrimoine.parisnanterre.fr\/index.php?rest_route=%2Fwp%2Fv2%2Fmedia&parent=10"}],"curies":[{"name":"wp","href":"https:\/\/api.w.org\/{rel}","templated":true}]}}