{"id":12,"date":"2017-10-13T19:28:02","date_gmt":"2017-10-13T19:28:02","guid":{"rendered":"http:\/\/wikipatrimoine.parisnanterre.fr\/?page_id=12"},"modified":"2017-11-15T15:17:49","modified_gmt":"2017-11-15T15:17:49","slug":"activites","status":"publish","type":"page","link":"http:\/\/wikipatrimoine.parisnanterre.fr\/?page_id=12","title":{"rendered":"Activit\u00e9s"},"content":{"rendered":"<p>Le projet Wikipatrimoine pr\u00e9voit quatre actions :<\/p>\n<ol>\n<li><strong>Etat des lieux.<\/strong> Cette action vise \u00e0 d\u00e9finir l\u2019\u00e9tat de lieux de la gestion collaborative en ligne du patrimoine culturel en France. En particulier, l\u2019\u00e9tat de lieux devra retracer :<br \/>\n(a) le c<span style=\"font-size: 1rem;\">adre th\u00e9orique \u00e0 travers l&rsquo;\u00e9tude de la litt\u00e9rature\u00a0 \u00e0 propos des sciences participatives et des pratiques amateurs (<a href=\"http:\/\/wikipatrimoine.parisnanterre.fr\/?page_id=102\">En savoir plus<\/a>);<br \/>\n(b) l&rsquo;inventaire des projets de plateforme contributive culturelle existants dans le cadre du Labex et de mani\u00e8re comparative \u00e0 niveau national et international (<a href=\"http:\/\/wikipatrimoine.parisnanterre.fr\/?page_id=112\">En savoir plus<\/a>).<\/span><\/li>\n<li><strong>Experimentations p\u00e9dagogiques.<\/strong> D<span style=\"font-size: 1rem;\">eux exp\u00e9rimentations p\u00e9dagogiques ont \u00e9t\u00e9 r\u00e9alis\u00e9es, la premi\u00e8re porte sur les collections de la Biblioth\u00e8que de documentation internationale contemporaine (BDIC), la deuxi\u00e8me, toujours en collaboration avec la BDIC, porte sur les contenus du projet Wikipatrimoine et notamment sur le cadre th\u00e9orique des sciences participatives. <a href=\"http:\/\/wikipatrimoine.parisnanterre.fr\/?page_id=62\">En savoir plus<\/a><\/span><\/li>\n<li><strong>Ateliers et s\u00e9minaires.<\/strong> Une s\u00e9rie de s\u00e9minaires et d&rsquo;ateliers sera organis\u00e9e afin de construire un r\u00e9seau de r\u00e9flexion et de partage d\u2019exp\u00e9riences entre les partenaires du labex \u00e0 propos de la gestion collaborative du patrimoine sur le web, en facilitant les \u00e9changes entre chercheurs et professionnels du patrimoine. <a href=\"http:\/\/wikipatrimoine.parisnanterre.fr\/?page_id=65\">En savoir plus<\/a><\/li>\n<li><strong>Cas d&rsquo;\u00e9tude<\/strong>.\u00a0Cette action vise \u00e0 \u00e9tudier l\u2019impact des d\u00e9marches de gestion collaborative en ligne sur la d\u00e9finition m\u00eame de patrimoine \u00e0 travers une \u00e9tude empirique autour de nouvelles pratiques professionnelles collaboratives et des \u00e9critures num\u00e9riques qu\u2019elles g\u00e9n\u00e8rent. L\u2019analyse s\u2019appuiera sur une \u00e9tude de cas.\u00a0<a href=\"http:\/\/wikipatrimoine.parisnanterre.fr\/?page_id=59\">En savoir plus<\/a><\/li>\n<\/ol>\n","protected":false},"excerpt":{"rendered":"<p>Le projet Wikipatrimoine pr\u00e9voit quatre actions : Etat des lieux. Cette action vise \u00e0 d\u00e9finir l\u2019\u00e9tat de lieux de la gestion collaborative en ligne du patrimoine culturel en France. En particulier, l\u2019\u00e9tat de lieux devra retracer : (a) le cadre th\u00e9orique \u00e0 travers l&rsquo;\u00e9tude de la litt\u00e9rature\u00a0 \u00e0 propos des sciences participatives et des pratiques &hellip; <\/p>\n<p class=\"link-more\"><a href=\"http:\/\/wikipatrimoine.parisnanterre.fr\/?page_id=12\" class=\"more-link\">Continuer la lecture<span class=\"screen-reader-text\"> de &laquo;&nbsp;Activit\u00e9s&nbsp;&raquo;<\/span><\/a><\/p>\n","protected":false},"author":1,"featured_media":0,"parent":0,"menu_order":0,"comment_status":"closed","ping_status":"closed","template":"","meta":[],"_links":{"self":[{"href":"http:\/\/wikipatrimoine.parisnanterre.fr\/index.php?rest_route=\/wp\/v2\/pages\/12"}],"collection":[{"href":"http:\/\/wikipatrimoine.parisnanterre.fr\/index.php?rest_route=\/wp\/v2\/pages"}],"about":[{"href":"http:\/\/wikipatrimoine.parisnanterre.fr\/index.php?rest_route=\/wp\/v2\/types\/page"}],"author":[{"embeddable":true,"href":"http:\/\/wikipatrimoine.parisnanterre.fr\/index.php?rest_route=\/wp\/v2\/users\/1"}],"replies":[{"embeddable":true,"href":"http:\/\/wikipatrimoine.parisnanterre.fr\/index.php?rest_route=%2Fwp%2Fv2%2Fcomments&post=12"}],"version-history":[{"count":5,"href":"http:\/\/wikipatrimoine.parisnanterre.fr\/index.php?rest_route=\/wp\/v2\/pages\/12\/revisions"}],"predecessor-version":[{"id":117,"href":"http:\/\/wikipatrimoine.parisnanterre.fr\/index.php?rest_route=\/wp\/v2\/pages\/12\/revisions\/117"}],"wp:attachment":[{"href":"http:\/\/wikipatrimoine.parisnanterre.fr\/index.php?rest_route=%2Fwp%2Fv2%2Fmedia&parent=12"}],"curies":[{"name":"wp","href":"https:\/\/api.w.org\/{rel}","templated":true}]}}