{"id":16,"date":"2017-10-13T19:28:43","date_gmt":"2017-10-13T19:28:43","guid":{"rendered":"http:\/\/wikipatrimoine.parisnanterre.fr\/?page_id=16"},"modified":"2017-11-27T15:26:58","modified_gmt":"2017-11-27T15:26:58","slug":"partenaires","status":"publish","type":"page","link":"http:\/\/wikipatrimoine.parisnanterre.fr\/?page_id=16","title":{"rendered":"Partenaires"},"content":{"rendered":"<p><strong>Partenaires du labex <em>Les pass\u00e9s dans le pr\u00e9sent<\/em>\u00a0<\/strong><\/p>\n<p><a href=\"http:\/\/www.mae.u-paris10.fr\/lesc\/\">Laboratoire d\u2019Ethnologie et de Sociologie Comparative (LESC)<\/a><\/p>\n<p><a href=\"http:\/\/www.arscan.fr\/\">Laboratoire Arch\u00e9ologies et Sciences de l\u2019Antiquit\u00e9 (ArScAn)<\/a><\/p>\n<p><a href=\"http:\/\/www.bdic.fr\/\">Biblioth\u00e8que de Documentation Internationale Contemporaine (BDIC)<\/a><\/p>\n<p><strong>Partenaire(s) de la COMUE Universit\u00e9 Paris Lumi\u00e8res<\/strong><\/p>\n<p><a href=\"http:\/\/www.dicen-idf.org\">Laboratoire Dicen-IDF<\/a><\/p>\n<p><a href=\"https:\/\/dep-infocom.parisnanterre.fr\/\">D\u00e9partement information-communication de l\u2019Universit\u00e9 Paris Nanterre<\/a><\/p>\n<p><a href=\"http:\/\/www.culturecommunication.gouv.fr\/Thematiques\/Connaissance-des-patrimoines-et-de-l-architecture\/Departement-du-pilotage-de-la-recherche-et-de-la-politique-scientifique\">Minist\u00e8re de la Culture (DPRPS)\u00a0<\/a><\/p>\n<p><a href=\"http:\/\/www.in-oc.org\/fr\/l-inoc\">Ethnop\u00f4le InOc Aquitain<\/a><\/p>\n<p><a href=\"https:\/\/www.wikimedia.fr\/\">Wikim\u00e9dia France<\/a><\/p>\n<p><a href=\"http:\/\/www.gis-cist.fr\/axes-scientifiques\/medias\/\">Le groupe m\u00e9dias et territoire du Coll\u00e8ge International des Sciences du Territoire<\/a><\/p>\n<p><a href=\"http:\/\/www.iri.centrepompidou.fr\/\">IRI du Centre Pompidou<\/a><\/p>\n<p><a href=\"http:\/\/www.medialab.sciences-po.fr\/fr\/\">M\u00e9dialab Sciences Po<\/a><\/p>\n","protected":false},"excerpt":{"rendered":"<p>Partenaires du labex Les pass\u00e9s dans le pr\u00e9sent\u00a0 Laboratoire d\u2019Ethnologie et de Sociologie Comparative (LESC) Laboratoire Arch\u00e9ologies et Sciences de l\u2019Antiquit\u00e9 (ArScAn) Biblioth\u00e8que de Documentation Internationale Contemporaine (BDIC) Partenaire(s) de la COMUE Universit\u00e9 Paris Lumi\u00e8res Laboratoire Dicen-IDF D\u00e9partement information-communication de l\u2019Universit\u00e9 Paris Nanterre Minist\u00e8re de la Culture (DPRPS)\u00a0 Ethnop\u00f4le InOc Aquitain Wikim\u00e9dia France Le groupe &hellip; <\/p>\n<p class=\"link-more\"><a href=\"http:\/\/wikipatrimoine.parisnanterre.fr\/?page_id=16\" class=\"more-link\">Continuer la lecture<span class=\"screen-reader-text\"> de &laquo;&nbsp;Partenaires&nbsp;&raquo;<\/span><\/a><\/p>\n","protected":false},"author":1,"featured_media":0,"parent":0,"menu_order":0,"comment_status":"closed","ping_status":"closed","template":"","meta":[],"_links":{"self":[{"href":"http:\/\/wikipatrimoine.parisnanterre.fr\/index.php?rest_route=\/wp\/v2\/pages\/16"}],"collection":[{"href":"http:\/\/wikipatrimoine.parisnanterre.fr\/index.php?rest_route=\/wp\/v2\/pages"}],"about":[{"href":"http:\/\/wikipatrimoine.parisnanterre.fr\/index.php?rest_route=\/wp\/v2\/types\/page"}],"author":[{"embeddable":true,"href":"http:\/\/wikipatrimoine.parisnanterre.fr\/index.php?rest_route=\/wp\/v2\/users\/1"}],"replies":[{"embeddable":true,"href":"http:\/\/wikipatrimoine.parisnanterre.fr\/index.php?rest_route=%2Fwp%2Fv2%2Fcomments&post=16"}],"version-history":[{"count":10,"href":"http:\/\/wikipatrimoine.parisnanterre.fr\/index.php?rest_route=\/wp\/v2\/pages\/16\/revisions"}],"predecessor-version":[{"id":135,"href":"http:\/\/wikipatrimoine.parisnanterre.fr\/index.php?rest_route=\/wp\/v2\/pages\/16\/revisions\/135"}],"wp:attachment":[{"href":"http:\/\/wikipatrimoine.parisnanterre.fr\/index.php?rest_route=%2Fwp%2Fv2%2Fmedia&parent=16"}],"curies":[{"name":"wp","href":"https:\/\/api.w.org\/{rel}","templated":true}]}}