{"id":6,"date":"2017-10-13T19:26:14","date_gmt":"2017-10-13T19:26:14","guid":{"rendered":"http:\/\/wikipatrimoine.parisnanterre.fr\/?page_id=6"},"modified":"2018-02-27T10:09:36","modified_gmt":"2018-02-27T10:09:36","slug":"presentation","status":"publish","type":"page","link":"http:\/\/wikipatrimoine.parisnanterre.fr\/","title":{"rendered":"Pr\u00e9sentation"},"content":{"rendered":"<p>Le<strong>\u00a0Projet WikiPatrimoine<\/strong>, financ\u00e9 par le <em>Labex Les pass\u00e9s dans le pr\u00e9sent et <\/em>par la <em>COMUE Universit\u00e9 Paris Lumi\u00e8res,\u00a0<\/em>vise \u00e0 <strong>\u00e9tudier<\/strong> et \u00e0 <strong>encourager<\/strong> <strong>les nouvelles formes de gestion collaborative en ligne du patrimoine culturel<\/strong>.<\/p>\n<p>Ce projet part du double constat que de nombreuses institutions culturelles en France et \u00e0 l\u2019\u00e9tranger ont lanc\u00e9 des exp\u00e9rimentations pour transformer les inventaires documentant leur patrimoine en documents transparents, ouverts, participatifs &#8211; disponibles sur le Net \u00e0 travers des outils de <em>crowdsourcing<\/em> et des plates-formes de type Wiki (ex. Wikip\u00e9dia) &#8211; et que la prise de conscience de la part des professionnels du patrimoine et des citoyens des possibilit\u00e9s offertes par ces exp\u00e9rimentations de gestion collaborative en ligne est encore r\u00e9duite.<\/p>\n","protected":false},"excerpt":{"rendered":"<p>Le\u00a0Projet WikiPatrimoine, financ\u00e9 par le Labex Les pass\u00e9s dans le pr\u00e9sent et par la COMUE Universit\u00e9 Paris Lumi\u00e8res,\u00a0vise \u00e0 \u00e9tudier et \u00e0 encourager les nouvelles formes de gestion collaborative en ligne du patrimoine culturel. Ce projet part du double constat que de nombreuses institutions culturelles en France et \u00e0 l\u2019\u00e9tranger ont lanc\u00e9 des exp\u00e9rimentations pour &hellip; <\/p>\n<p class=\"link-more\"><a href=\"http:\/\/wikipatrimoine.parisnanterre.fr\/\" class=\"more-link\">Continuer la lecture<span class=\"screen-reader-text\"> de &laquo;&nbsp;Pr\u00e9sentation&nbsp;&raquo;<\/span><\/a><\/p>\n","protected":false},"author":1,"featured_media":0,"parent":0,"menu_order":0,"comment_status":"closed","ping_status":"closed","template":"","meta":[],"_links":{"self":[{"href":"http:\/\/wikipatrimoine.parisnanterre.fr\/index.php?rest_route=\/wp\/v2\/pages\/6"}],"collection":[{"href":"http:\/\/wikipatrimoine.parisnanterre.fr\/index.php?rest_route=\/wp\/v2\/pages"}],"about":[{"href":"http:\/\/wikipatrimoine.parisnanterre.fr\/index.php?rest_route=\/wp\/v2\/types\/page"}],"author":[{"embeddable":true,"href":"http:\/\/wikipatrimoine.parisnanterre.fr\/index.php?rest_route=\/wp\/v2\/users\/1"}],"replies":[{"embeddable":true,"href":"http:\/\/wikipatrimoine.parisnanterre.fr\/index.php?rest_route=%2Fwp%2Fv2%2Fcomments&post=6"}],"version-history":[{"count":6,"href":"http:\/\/wikipatrimoine.parisnanterre.fr\/index.php?rest_route=\/wp\/v2\/pages\/6\/revisions"}],"predecessor-version":[{"id":170,"href":"http:\/\/wikipatrimoine.parisnanterre.fr\/index.php?rest_route=\/wp\/v2\/pages\/6\/revisions\/170"}],"wp:attachment":[{"href":"http:\/\/wikipatrimoine.parisnanterre.fr\/index.php?rest_route=%2Fwp%2Fv2%2Fmedia&parent=6"}],"curies":[{"name":"wp","href":"https:\/\/api.w.org\/{rel}","templated":true}]}}