{"id":8,"date":"2017-10-13T19:27:42","date_gmt":"2017-10-13T19:27:42","guid":{"rendered":"http:\/\/wikipatrimoine.parisnanterre.fr\/?page_id=8"},"modified":"2017-11-27T17:57:32","modified_gmt":"2017-11-27T17:57:32","slug":"objectifs","status":"publish","type":"page","link":"http:\/\/wikipatrimoine.parisnanterre.fr\/?page_id=8","title":{"rendered":"Objectifs"},"content":{"rendered":"<p>Le projet WikiPatrimoine vise \u00e0 donner une contribution fondamentale \u00e0 la <strong>compr\u00e9hension et \u00e0 la mise en pratique de la gestion collaborative du patrimoine gr\u00e2ce au num\u00e9rique<\/strong>. M\u00eame si des outils sont aujourd\u2019hui \u00e0 disposition des institutions, des professionnels et des citoyens, les cons\u00e9quences et les impacts d\u2019une gestion collaborative num\u00e9rique du patrimoine ne sont pas encore suffisamment connus en France. Plus particuli\u00e8rement, le projet vise \u00e0 consolider des collaborations qui sont d\u00e9j\u00e0 en place de mani\u00e8re informelle autour de cet objet d\u2019int\u00e9r\u00eat commun dans le cadre du labex <em>Les pass\u00e9s dans le pr\u00e9sent<\/em> et de les transformer en partenariats stables et durables. Par ailleurs, le projet construira des transversalit\u00e9s entre m\u00e9tiers de la recherche et m\u00e9tiers du patrimoine autour de cet objet dans le cadre du Labex.<\/p>\n<p>Plus pr\u00e9cis\u00e9ment, les objectifs suivants peuvent \u00eatre identifi\u00e9s\u00a0:<\/p>\n<ul>\n<li><strong>D\u00e9finir le cadre th\u00e9orique <\/strong>de la gestion collaborative en ligne \u00e0 travers un travail de r\u00e9flexion autour de diff\u00e9rentes d\u00e9finitions possibles (participation, collaboration, coop\u00e9ration, contribution).<\/li>\n<li><strong>D\u00e9finir l\u2019\u00e9tat de lieux <\/strong>de la gestion collaborative en ligne du patrimoine culturel en France, avec une attention particuli\u00e8re pour le p\u00e9rim\u00e8tre du labex, et de mani\u00e8re comparative avec l\u2019exp\u00e9rience \u00e0 l\u2019\u00e9tranger.<\/li>\n<li><strong>Etudier l\u2019impact <\/strong>des d\u00e9marches de gestion collaborative en ligne sur la d\u00e9finition m\u00eame de patrimoine \u00e0 travers une \u00e9tude th\u00e9orique et empirique autour de nouvelles pratiques professionnelles collaboratives et des \u00e9critures num\u00e9riques qu\u2019elles g\u00e9n\u00e8rent.<\/li>\n<li><strong>Construire un r\u00e9seau de r\u00e9flexion et de partage<\/strong> d\u2019exp\u00e9riences entre les partenaires du labex \u00e0 propos de la gestion collaborative du patrimoine sur le web, en facilitant les \u00e9changes entre chercheurs et professionnels du patrimoine et la d\u00e9finition d\u2019une feuille de route commune sur ce sujet.<\/li>\n<li><strong style=\"font-size: 1rem;\">Int\u00e9grer dans des formations<\/strong><span style=\"font-size: 1rem;\"> de l&rsquo;Universit\u00e9 Paris Nanterre de niveau licence et master et dans la formation continue pour les professionnels du patrimoine propos\u00e9e par le Minist\u00e8re de la Culture et la Maison des Cultures du Monde des modules sur la gestion collaborative du patrimoine avec le num\u00e9rique.\u00a0<\/span><\/li>\n<\/ul>\n","protected":false},"excerpt":{"rendered":"<p>Le projet WikiPatrimoine vise \u00e0 donner une contribution fondamentale \u00e0 la compr\u00e9hension et \u00e0 la mise en pratique de la gestion collaborative du patrimoine gr\u00e2ce au num\u00e9rique. M\u00eame si des outils sont aujourd\u2019hui \u00e0 disposition des institutions, des professionnels et des citoyens, les cons\u00e9quences et les impacts d\u2019une gestion collaborative num\u00e9rique du patrimoine ne sont &hellip; <\/p>\n<p class=\"link-more\"><a href=\"http:\/\/wikipatrimoine.parisnanterre.fr\/?page_id=8\" class=\"more-link\">Continuer la lecture<span class=\"screen-reader-text\"> de &laquo;&nbsp;Objectifs&nbsp;&raquo;<\/span><\/a><\/p>\n","protected":false},"author":1,"featured_media":0,"parent":0,"menu_order":0,"comment_status":"closed","ping_status":"closed","template":"","meta":[],"_links":{"self":[{"href":"http:\/\/wikipatrimoine.parisnanterre.fr\/index.php?rest_route=\/wp\/v2\/pages\/8"}],"collection":[{"href":"http:\/\/wikipatrimoine.parisnanterre.fr\/index.php?rest_route=\/wp\/v2\/pages"}],"about":[{"href":"http:\/\/wikipatrimoine.parisnanterre.fr\/index.php?rest_route=\/wp\/v2\/types\/page"}],"author":[{"embeddable":true,"href":"http:\/\/wikipatrimoine.parisnanterre.fr\/index.php?rest_route=\/wp\/v2\/users\/1"}],"replies":[{"embeddable":true,"href":"http:\/\/wikipatrimoine.parisnanterre.fr\/index.php?rest_route=%2Fwp%2Fv2%2Fcomments&post=8"}],"version-history":[{"count":5,"href":"http:\/\/wikipatrimoine.parisnanterre.fr\/index.php?rest_route=\/wp\/v2\/pages\/8\/revisions"}],"predecessor-version":[{"id":146,"href":"http:\/\/wikipatrimoine.parisnanterre.fr\/index.php?rest_route=\/wp\/v2\/pages\/8\/revisions\/146"}],"wp:attachment":[{"href":"http:\/\/wikipatrimoine.parisnanterre.fr\/index.php?rest_route=%2Fwp%2Fv2%2Fmedia&parent=8"}],"curies":[{"name":"wp","href":"https:\/\/api.w.org\/{rel}","templated":true}]}}